{"id":7054,"date":"2022-12-15T12:58:06","date_gmt":"2022-12-15T12:58:06","guid":{"rendered":"https:\/\/www.urdaibaibikereserve.com\/contact\/"},"modified":"2023-06-20T13:07:16","modified_gmt":"2023-06-20T13:07:16","slug":"contact","status":"publish","type":"page","link":"https:\/\/www.urdaibaibikereserve.com\/fr\/contact\/","title":{"rendered":"Contact"},"content":{"rendered":"\t\t<div data-elementor-type=\"wp-page\" data-elementor-id=\"7054\" class=\"elementor elementor-7054 elementor-93\">\n\t\t\t\t\t\t\t\t\t<section class=\"elementor-section elementor-top-section elementor-element elementor-element-fdcba41 elementor-section-height-min-height elementor-section-boxed elementor-section-height-default elementor-section-items-middle\" data-id=\"fdcba41\" data-element_type=\"section\" data-settings=\"{&quot;background_background&quot;:&quot;gradient&quot;,&quot;shape_divider_bottom&quot;:&quot;waves&quot;}\">\n\t\t\t\t\t\t\t<div class=\"elementor-background-overlay\"><\/div>\n\t\t\t\t\t\t<div class=\"elementor-shape elementor-shape-bottom\" data-negative=\"false\">\n\t\t\t<svg xmlns=\"http:\/\/www.w3.org\/2000\/svg\" viewBox=\"0 0 1000 100\" preserveAspectRatio=\"none\">\n\t<path class=\"elementor-shape-fill\" d=\"M421.9,6.5c22.6-2.5,51.5,0.4,75.5,5.3c23.6,4.9,70.9,23.5,100.5,35.7c75.8,32.2,133.7,44.5,192.6,49.7\n\tc23.6,2.1,48.7,3.5,103.4-2.5c54.7-6,106.2-25.6,106.2-25.6V0H0v30.3c0,0,72,32.6,158.4,30.5c39.2-0.7,92.8-6.7,134-22.4\n\tc21.2-8.1,52.2-18.2,79.7-24.2C399.3,7.9,411.6,7.5,421.9,6.5z\"\/>\n<\/svg>\t\t<\/div>\n\t\t\t\t\t<div class=\"elementor-container elementor-column-gap-default\">\n\t\t\t\t\t<div class=\"elementor-column elementor-col-100 elementor-top-column elementor-element elementor-element-260cda6e\" data-id=\"260cda6e\" data-element_type=\"column\">\n\t\t\t<div class=\"elementor-widget-wrap elementor-element-populated\">\n\t\t\t\t\t\t\t\t<div class=\"elementor-element elementor-element-27813634 elementor-widget elementor-widget-heading\" data-id=\"27813634\" data-element_type=\"widget\" data-widget_type=\"heading.default\">\n\t\t\t\t<div class=\"elementor-widget-container\">\n\t\t\t<style>\/*! elementor - v3.9.0 - 06-12-2022 *\/\n.elementor-heading-title{padding:0;margin:0;line-height:1}.elementor-widget-heading .elementor-heading-title[class*=elementor-size-]>a{color:inherit;font-size:inherit;line-height:inherit}.elementor-widget-heading .elementor-heading-title.elementor-size-small{font-size:15px}.elementor-widget-heading .elementor-heading-title.elementor-size-medium{font-size:19px}.elementor-widget-heading .elementor-heading-title.elementor-size-large{font-size:29px}.elementor-widget-heading .elementor-heading-title.elementor-size-xl{font-size:39px}.elementor-widget-heading .elementor-heading-title.elementor-size-xxl{font-size:59px}<\/style><h1 class=\"elementor-heading-title elementor-size-default\">Contact<\/h1>\t\t<\/div>\n\t\t\t\t<\/div>\n\t\t\t\t<div class=\"elementor-element elementor-element-612e682b elementor-widget elementor-widget-heading\" data-id=\"612e682b\" data-element_type=\"widget\" data-widget_type=\"heading.default\">\n\t\t\t\t<div class=\"elementor-widget-container\">\n\t\t\t<h3 class=\"elementor-heading-title elementor-size-default\">Urdaibai Bike Reserve<\/h3>\t\t<\/div>\n\t\t\t\t<\/div>\n\t\t\t\t\t<\/div>\n\t\t<\/div>\n\t\t\t\t\t\t\t<\/div>\n\t\t<\/section>\n\t\t\t\t<section class=\"elementor-section elementor-top-section elementor-element elementor-element-1bcd76aa elementor-section-boxed elementor-section-height-default elementor-section-height-default\" data-id=\"1bcd76aa\" data-element_type=\"section\" data-settings=\"{&quot;background_background&quot;:&quot;classic&quot;}\">\n\t\t\t\t\t\t\t<div class=\"elementor-background-overlay\"><\/div>\n\t\t\t\t\t\t\t<div class=\"elementor-container elementor-column-gap-default\">\n\t\t\t\t\t<div class=\"elementor-column elementor-col-100 elementor-top-column elementor-element elementor-element-3863154b\" data-id=\"3863154b\" data-element_type=\"column\">\n\t\t\t<div class=\"elementor-widget-wrap elementor-element-populated\">\n\t\t\t\t\t\t\t\t<div class=\"elementor-element elementor-element-674be8ec elementor-widget elementor-widget-heading\" data-id=\"674be8ec\" data-element_type=\"widget\" data-settings=\"{&quot;motion_fx_motion_fx_scrolling&quot;:&quot;yes&quot;,&quot;motion_fx_translateY_effect&quot;:&quot;yes&quot;,&quot;motion_fx_translateY_speed&quot;:{&quot;unit&quot;:&quot;px&quot;,&quot;size&quot;:&quot;0.5&quot;,&quot;sizes&quot;:[]},&quot;motion_fx_translateY_affectedRange&quot;:{&quot;unit&quot;:&quot;%&quot;,&quot;size&quot;:&quot;&quot;,&quot;sizes&quot;:{&quot;start&quot;:&quot;0&quot;,&quot;end&quot;:&quot;50&quot;}},&quot;motion_fx_opacity_effect&quot;:&quot;yes&quot;,&quot;motion_fx_opacity_range&quot;:{&quot;unit&quot;:&quot;%&quot;,&quot;size&quot;:&quot;&quot;,&quot;sizes&quot;:{&quot;start&quot;:&quot;0&quot;,&quot;end&quot;:&quot;50&quot;}},&quot;motion_fx_opacity_direction&quot;:&quot;out-in&quot;,&quot;motion_fx_opacity_level&quot;:{&quot;unit&quot;:&quot;px&quot;,&quot;size&quot;:10,&quot;sizes&quot;:[]},&quot;motion_fx_devices&quot;:[&quot;desktop&quot;,&quot;tablet&quot;,&quot;mobile&quot;]}\" data-widget_type=\"heading.default\">\n\t\t\t\t<div class=\"elementor-widget-container\">\n\t\t\t<h4 class=\"elementor-heading-title elementor-size-default\">Contactez-nous<\/h4>\t\t<\/div>\n\t\t\t\t<\/div>\n\t\t\t\t<div class=\"elementor-element elementor-element-5a9eec2e elementor-widget elementor-widget-heading\" data-id=\"5a9eec2e\" data-element_type=\"widget\" data-widget_type=\"heading.default\">\n\t\t\t\t<div class=\"elementor-widget-container\">\n\t\t\t<h2 class=\"elementor-heading-title elementor-size-default\">Urdaibai Bike Reserve est un projet de Turismo de Urdaibai, lanc\u00e9 par Urremendi, une association de D\u00e9veloppement rural dont l'unique objectif est de favoriser le d\u00e9veloppement de la r\u00e9gion de Busturialdea.<\/h2>\t\t<\/div>\n\t\t\t\t<\/div>\n\t\t\t\t<section class=\"elementor-section elementor-inner-section elementor-element elementor-element-44dda7cf elementor-section-boxed elementor-section-height-default elementor-section-height-default\" data-id=\"44dda7cf\" data-element_type=\"section\" data-settings=\"{&quot;motion_fx_motion_fx_scrolling&quot;:&quot;yes&quot;,&quot;motion_fx_translateY_effect&quot;:&quot;yes&quot;,&quot;motion_fx_translateY_speed&quot;:{&quot;unit&quot;:&quot;px&quot;,&quot;size&quot;:&quot;1&quot;,&quot;sizes&quot;:[]},&quot;motion_fx_translateY_affectedRange&quot;:{&quot;unit&quot;:&quot;%&quot;,&quot;size&quot;:&quot;&quot;,&quot;sizes&quot;:{&quot;start&quot;:&quot;0&quot;,&quot;end&quot;:&quot;50&quot;}},&quot;motion_fx_opacity_effect&quot;:&quot;yes&quot;,&quot;motion_fx_opacity_range&quot;:{&quot;unit&quot;:&quot;%&quot;,&quot;size&quot;:&quot;&quot;,&quot;sizes&quot;:{&quot;start&quot;:&quot;0&quot;,&quot;end&quot;:&quot;50&quot;}},&quot;motion_fx_devices&quot;:[&quot;desktop&quot;,&quot;tablet&quot;],&quot;motion_fx_opacity_direction&quot;:&quot;out-in&quot;,&quot;motion_fx_opacity_level&quot;:{&quot;unit&quot;:&quot;px&quot;,&quot;size&quot;:10,&quot;sizes&quot;:[]}}\">\n\t\t\t\t\t\t<div class=\"elementor-container elementor-column-gap-default\">\n\t\t\t\t\t<div class=\"elementor-column elementor-col-33 elementor-inner-column elementor-element elementor-element-4da7cf71\" data-id=\"4da7cf71\" data-element_type=\"column\" data-settings=\"{&quot;background_background&quot;:&quot;classic&quot;}\">\n\t\t\t<div class=\"elementor-widget-wrap elementor-element-populated\">\n\t\t\t\t\t\t\t\t<div class=\"elementor-element elementor-element-32efadd2 elementor-view-default elementor-mobile-position-top elementor-vertical-align-top elementor-widget elementor-widget-icon-box\" data-id=\"32efadd2\" data-element_type=\"widget\" data-widget_type=\"icon-box.default\">\n\t\t\t\t<div class=\"elementor-widget-container\">\n\t\t\t<link rel=\"stylesheet\" href=\"https:\/\/www.urdaibaibikereserve.com\/wp-content\/plugins\/elementor\/assets\/css\/widget-icon-box.min.css\">\t\t<div class=\"elementor-icon-box-wrapper\">\n\t\t\t\t\t\t<div class=\"elementor-icon-box-icon\">\n\t\t\t\t<a class=\"elementor-icon elementor-animation-\" href=\"tel:946257609\">\n\t\t\t\t<svg xmlns=\"http:\/\/www.w3.org\/2000\/svg\" id=\"bffe9e3b-c455-4940-8d89-69a49a55460f\" data-name=\"Layer 1\" width=\"75.0869\" height=\"66\" viewBox=\"0 0 75.0869 66\"><path id=\"b124f0a4-2d57-4ec2-a504-61dc8352ccd4\" data-name=\"Fill-1\" d=\"M53.3653,19.386c-9.8693,32.2855,6.1235,31.8329-7.1389,41.2306A29.1943,29.1943,0,0,1,5.3387,53.4179a29.7533,29.7533,0,0,1,7.1385-41.23C25.74,2.79,63.2345-12.8994,53.3653,19.386\" style=\"fill-rule:evenodd;opacity:0.05\"><\/path><path d=\"M75.0864,51.3619V16.2805l.0005-.0025-.0005-.0024V13.7721A8.7816,8.7816,0,0,0,66.3154,5H48.7714A8.7816,8.7816,0,0,0,40,13.7721v2.5032L40,16.278,40,16.2808V51.3616L40,51.3644,40,51.3671v5.01a8.7814,8.7814,0,0,0,8.771,8.771h17.544a8.7814,8.7814,0,0,0,8.771-8.771v-5.01l.0005-.0024ZM42.5054,17.531H72.58v32.58H42.5054Zm6.266-10.0249h17.544a6.2723,6.2723,0,0,1,6.265,6.266V15.025H42.5054V13.7721A6.2732,6.2732,0,0,1,48.7714,7.5061Zm17.544,55.136H48.7714a6.2723,6.2723,0,0,1-6.266-6.265v-3.76H72.58v3.76A6.2715,6.2715,0,0,1,66.3154,62.6421Z\" style=\"fill-rule:evenodd\"><\/path><path d=\"M57.5429,55.124A2.506,2.506,0,1,0,60.05,57.63,2.5086,2.5086,0,0,0,57.5429,55.124Z\" style=\"fill-rule:evenodd\"><\/path><path d=\"M53.7836,12.5188h7.519a1.253,1.253,0,0,0,0-2.506h-7.519a1.253,1.253,0,0,0,0,2.506Z\" style=\"fill-rule:evenodd\"><\/path><path d=\"M66.3651,12.5188a1.253,1.253,0,1,0,0-2.506H66.34a1.2422,1.2422,0,0,0-1.241,1.253A1.2642,1.2642,0,0,0,66.3651,12.5188Z\" style=\"fill-rule:evenodd\"><\/path><\/svg>\t\t\t\t<\/a>\n\t\t\t<\/div>\n\t\t\t\t\t\t<div class=\"elementor-icon-box-content\">\n\t\t\t\t<h3 class=\"elementor-icon-box-title\">\n\t\t\t\t\t<a href=\"tel:946257609\" >\n\t\t\t\t\t\tT\u00e9l\u00e9phone\t\t\t\t\t<\/a>\n\t\t\t\t<\/h3>\n\t\t\t\t\t\t\t\t\t<p class=\"elementor-icon-box-description\">\n\t\t\t\t\t\t94 6257609\t\t\t\t\t<\/p>\n\t\t\t\t\t\t\t<\/div>\n\t\t<\/div>\n\t\t\t\t<\/div>\n\t\t\t\t<\/div>\n\t\t\t\t\t<\/div>\n\t\t<\/div>\n\t\t\t\t<div class=\"elementor-column elementor-col-33 elementor-inner-column elementor-element elementor-element-3466ea6f\" data-id=\"3466ea6f\" data-element_type=\"column\" data-settings=\"{&quot;background_background&quot;:&quot;classic&quot;}\">\n\t\t\t<div class=\"elementor-widget-wrap elementor-element-populated\">\n\t\t\t\t\t\t\t\t<div class=\"elementor-element elementor-element-4ccb9140 elementor-view-default elementor-mobile-position-top elementor-vertical-align-top elementor-widget elementor-widget-icon-box\" data-id=\"4ccb9140\" data-element_type=\"widget\" data-widget_type=\"icon-box.default\">\n\t\t\t\t<div class=\"elementor-widget-container\">\n\t\t\t\t\t<div class=\"elementor-icon-box-wrapper\">\n\t\t\t\t\t\t<div class=\"elementor-icon-box-icon\">\n\t\t\t\t<span class=\"elementor-icon elementor-animation-\" >\n\t\t\t\t<svg xmlns=\"http:\/\/www.w3.org\/2000\/svg\" id=\"f6ea2c0c-f2cb-411f-a76e-d9ff8e2e3e30\" data-name=\"Layer 1\" width=\"74.6425\" height=\"66\" viewBox=\"0 0 74.6425 66\"><path id=\"b905bc68-c760-43fd-b060-d8a17e0f3f05\" data-name=\"Fill-1-Copy-3\" d=\"M53.3653,19.386c-9.8693,32.2855,6.1235,31.8329-7.1389,41.2306A29.1943,29.1943,0,0,1,5.3387,53.4179a29.7533,29.7533,0,0,1,7.1385-41.23C25.74,2.79,63.2345-12.8994,53.3653,19.386\" style=\"fill-rule:evenodd;opacity:0.05\"><\/path><path id=\"bb480981-e87c-4874-81fd-4f52e72529de\" data-name=\"Fill-1\" d=\"M55.5,18.2726A10.2274,10.2274,0,1,0,65.7265,28.5,10.2386,10.2386,0,0,0,55.5,18.2726M55.5,41A12.5,12.5,0,1,1,68,28.5,12.5142,12.5142,0,0,1,55.5,41\" style=\"fill:#4632da;fill-rule:evenodd\"><\/path><path d=\"M55.5,16A12.5,12.5,0,1,0,68,28.5,12.5137,12.5137,0,0,0,55.5,16Zm0,22.7274A10.2274,10.2274,0,1,1,65.7266,28.5,10.2386,10.2386,0,0,1,55.5,38.7274Z\" style=\"fill-rule:evenodd\"><\/path><path d=\"M55.3212,8.7679A19.2859,19.2859,0,0,0,36,27.9747c0,18.57,17.8194,34.0981,18.5777,34.75a1.1416,1.1416,0,0,0,1.4865,0c.7582-.6519,18.5785-16.18,18.5785-34.75A19.2864,19.2864,0,0,0,55.3212,8.7679Zm0,51.5711c-3.3749-3.1558-17.0485-16.9039-17.0485-32.3643a17.0483,17.0483,0,0,1,34.096,0C72.3687,43.4188,58.6933,57.1805,55.3212,60.339Z\" style=\"fill-rule:evenodd\"><\/path><\/svg>\t\t\t\t<\/span>\n\t\t\t<\/div>\n\t\t\t\t\t\t<div class=\"elementor-icon-box-content\">\n\t\t\t\t<h3 class=\"elementor-icon-box-title\">\n\t\t\t\t\t<span  >\n\t\t\t\t\t\tAdresse\t\t\t\t\t<\/span>\n\t\t\t\t<\/h3>\n\t\t\t\t\t\t\t\t\t<p class=\"elementor-icon-box-description\">\n\t\t\t\t\t\tPlaza Domingo Alegr\u00eda, 48300 Gernika-Lumo, Bizkaia\t\t\t\t\t<\/p>\n\t\t\t\t\t\t\t<\/div>\n\t\t<\/div>\n\t\t\t\t<\/div>\n\t\t\t\t<\/div>\n\t\t\t\t\t<\/div>\n\t\t<\/div>\n\t\t\t\t<div class=\"elementor-column elementor-col-33 elementor-inner-column elementor-element elementor-element-29519a54\" data-id=\"29519a54\" data-element_type=\"column\" data-settings=\"{&quot;background_background&quot;:&quot;classic&quot;}\">\n\t\t\t<div class=\"elementor-widget-wrap elementor-element-populated\">\n\t\t\t\t\t\t\t\t<div class=\"elementor-element elementor-element-2379eae6 elementor-view-default elementor-mobile-position-top elementor-vertical-align-top elementor-widget elementor-widget-icon-box\" data-id=\"2379eae6\" data-element_type=\"widget\" data-widget_type=\"icon-box.default\">\n\t\t\t\t<div class=\"elementor-widget-container\">\n\t\t\t\t\t<div class=\"elementor-icon-box-wrapper\">\n\t\t\t\t\t\t<div class=\"elementor-icon-box-icon\">\n\t\t\t\t<a class=\"elementor-icon elementor-animation-\" href=\"mailto:turismo@urremendi.org\" target=\"_blank\">\n\t\t\t\t<svg xmlns=\"http:\/\/www.w3.org\/2000\/svg\" id=\"b9eca3d6-28bc-461d-b7b7-78a67414a1df\" data-name=\"Layer 1\" width=\"75\" height=\"66\" viewBox=\"0 0 75 66\"><path id=\"e8e1efff-1bb1-451f-968d-97e93845e0a0\" data-name=\"Fill-1-Copy-4\" d=\"M53.3653,19.386c-9.8693,32.2855,6.1235,31.8329-7.1389,41.2306A29.1943,29.1943,0,0,1,5.3387,53.4179a29.7533,29.7533,0,0,1,7.1385-41.23C25.74,2.79,63.2345-12.8994,53.3653,19.386\" style=\"fill-rule:evenodd;opacity:0.05\"><\/path><path d=\"M74.52,9.2018a1.1278,1.1278,0,0,0-1.2084-.05l-42.75,24.75a1.1255,1.1255,0,0,0,.2074,2.0415l12.9666,4.3219,4.3228,12.9657A1.1249,1.1249,0,0,0,49.1258,54a.6243.6243,0,0,0,.07-.0027,1.1227,1.1227,0,0,0,1.0324-.9023l.2909-1.4544,5.1976-6.9316,10.9659,4.7016a1.149,1.149,0,0,0,.9778-.0467,1.1246,1.1246,0,0,0,.5727-.7936l6.7495-38.25A1.1291,1.1291,0,0,0,74.52,9.2018ZM66.964,15.4257,44.47,38.1367,33.85,34.5981ZM50.7214,40.74a1.102,1.102,0,0,0-.4491.6647L48.8529,48.5,45.957,39.8141,64.9214,20.6664Zm.7069,6.3562.7787-3.8924,1.62.6944Zm14.8352-.3147L53.1592,41.1647l18.78-26.545Z\" style=\"fill-rule:evenodd\"><\/path><path d=\"M22.9834,47.3458a1.1471,1.1471,0,0,0-1.6417,0,1.1957,1.1957,0,0,0-.0028,1.671q.844.8586,1.714,1.6739a1.15,1.15,0,0,0,1.6417-.0736,1.1976,1.1976,0,0,0-.0714-1.671C24.068,48.4313,23.5211,47.8956,22.9834,47.3458Z\" style=\"fill-rule:evenodd\"><\/path><path d=\"M38.9842,55.841l-.495.0112a14.0366,14.0366,0,0,1-2.7556-.2777,1.1066,1.1066,0,0,0-1.3042.8374,1.0772,1.0772,0,0,0,.8621,1.2694A16.4754,16.4754,0,0,0,38.4892,58l.5744-.01a1.0885,1.0885,0,0,0,1.0641-1.1143A1.148,1.148,0,0,0,38.9842,55.841Z\" style=\"fill-rule:evenodd\"><\/path><path d=\"M31.06,53.9176a26.9481,26.9481,0,0,1-2.895-1.7117,1.1225,1.1225,0,0,0-1.54.2683,1.0535,1.0535,0,0,0,.2761,1.4939,28.4675,28.4675,0,0,0,3.1394,1.854,1.1223,1.1223,0,0,0,1.49-.4568A1.0583,1.0583,0,0,0,31.06,53.9176Z\" style=\"fill-rule:evenodd\"><\/path><path d=\"M46.011,53.19a19.0115,19.0115,0,0,1-2.2052,1.1667,1.3984,1.3984,0,0,0-.7014,1.804A1.32,1.32,0,0,0,44.32,57a1.2389,1.2389,0,0,0,.5139-.111A21.1869,21.1869,0,0,0,47.35,55.5641a1.4116,1.4116,0,0,0,.4687-1.8842A1.29,1.29,0,0,0,46.011,53.19Z\" style=\"fill-rule:evenodd\"><\/path><\/svg>\t\t\t\t<\/a>\n\t\t\t<\/div>\n\t\t\t\t\t\t<div class=\"elementor-icon-box-content\">\n\t\t\t\t<h3 class=\"elementor-icon-box-title\">\n\t\t\t\t\t<a href=\"mailto:turismo@urremendi.org\" target=\"_blank\" >\n\t\t\t\t\t\tMail\t\t\t\t\t<\/a>\n\t\t\t\t<\/h3>\n\t\t\t\t\t\t\t\t\t<p class=\"elementor-icon-box-description\">\n\t\t\t\t\t\tturismo@urremendi.org\t\t\t\t\t<\/p>\n\t\t\t\t\t\t\t<\/div>\n\t\t<\/div>\n\t\t\t\t<\/div>\n\t\t\t\t<\/div>\n\t\t\t\t\t<\/div>\n\t\t<\/div>\n\t\t\t\t\t\t\t<\/div>\n\t\t<\/section>\n\t\t\t\t\t<\/div>\n\t\t<\/div>\n\t\t\t\t\t\t\t<\/div>\n\t\t<\/section>\n\t\t\t\t<section class=\"elementor-section elementor-top-section elementor-element elementor-element-5bd496bd elementor-section-boxed elementor-section-height-default elementor-section-height-default\" data-id=\"5bd496bd\" data-element_type=\"section\" data-settings=\"{&quot;background_background&quot;:&quot;classic&quot;,&quot;shape_divider_top&quot;:&quot;waves&quot;}\">\n\t\t\t\t\t\t\t<div class=\"elementor-background-overlay\"><\/div>\n\t\t\t\t\t\t<div class=\"elementor-shape elementor-shape-top\" data-negative=\"false\">\n\t\t\t<svg xmlns=\"http:\/\/www.w3.org\/2000\/svg\" viewBox=\"0 0 1000 100\" preserveAspectRatio=\"none\">\n\t<path class=\"elementor-shape-fill\" d=\"M421.9,6.5c22.6-2.5,51.5,0.4,75.5,5.3c23.6,4.9,70.9,23.5,100.5,35.7c75.8,32.2,133.7,44.5,192.6,49.7\n\tc23.6,2.1,48.7,3.5,103.4-2.5c54.7-6,106.2-25.6,106.2-25.6V0H0v30.3c0,0,72,32.6,158.4,30.5c39.2-0.7,92.8-6.7,134-22.4\n\tc21.2-8.1,52.2-18.2,79.7-24.2C399.3,7.9,411.6,7.5,421.9,6.5z\"\/>\n<\/svg>\t\t<\/div>\n\t\t\t\t\t<div class=\"elementor-container elementor-column-gap-default\">\n\t\t\t\t\t<div class=\"elementor-column elementor-col-50 elementor-top-column elementor-element elementor-element-26acdd1\" data-id=\"26acdd1\" data-element_type=\"column\">\n\t\t\t<div class=\"elementor-widget-wrap elementor-element-populated\">\n\t\t\t\t\t\t\t\t<div class=\"elementor-element elementor-element-5b59cc76 elementor-widget elementor-widget-heading\" data-id=\"5b59cc76\" data-element_type=\"widget\" data-widget_type=\"heading.default\">\n\t\t\t\t<div class=\"elementor-widget-container\">\n\t\t\t<h4 class=\"elementor-heading-title elementor-size-default\">Urdaibai Bike Reserve <br>Une destination cycliste extraordinaire<\/h4>\t\t<\/div>\n\t\t\t\t<\/div>\n\t\t\t\t<div class=\"elementor-element elementor-element-112b3e0a elementor-widget elementor-widget-heading\" data-id=\"112b3e0a\" data-element_type=\"widget\" data-widget_type=\"heading.default\">\n\t\t\t\t<div class=\"elementor-widget-container\">\n\t\t\t<h2 class=\"elementor-heading-title elementor-size-default\">Venez \u00e0 Urdaibai et restez quelques jours pour parcourir tout le territoire et d\u00e9couvrir tous ses charmes. <\/h2>\t\t<\/div>\n\t\t\t\t<\/div>\n\t\t\t\t<div class=\"elementor-element elementor-element-bef1d87 elementor-mobile-align-center elementor-widget elementor-widget-button\" data-id=\"bef1d87\" data-element_type=\"widget\" data-widget_type=\"button.default\">\n\t\t\t\t<div class=\"elementor-widget-container\">\n\t\t\t\t\t<div class=\"elementor-button-wrapper\">\n\t\t\t<a href=\"https:\/\/www.urdaibaibikereserve.com\/fr\/hebergements\/\" class=\"elementor-button-link elementor-button elementor-size-md\" role=\"button\">\n\t\t\t\t\t\t<span class=\"elementor-button-content-wrapper\">\n\t\t\t\t\t\t\t<span class=\"elementor-button-icon elementor-align-icon-right\">\n\t\t\t\t<i aria-hidden=\"true\" class=\"fas fa-arrow-right\"><\/i>\t\t\t<\/span>\n\t\t\t\t\t\t<span class=\"elementor-button-text\">Voir h\u00e9bergements<\/span>\n\t\t<\/span>\n\t\t\t\t\t<\/a>\n\t\t<\/div>\n\t\t\t\t<\/div>\n\t\t\t\t<\/div>\n\t\t\t\t\t<\/div>\n\t\t<\/div>\n\t\t\t\t<div class=\"elementor-column elementor-col-50 elementor-top-column elementor-element elementor-element-7267b711\" data-id=\"7267b711\" data-element_type=\"column\">\n\t\t\t<div class=\"elementor-widget-wrap elementor-element-populated\">\n\t\t\t\t\t\t\t\t<div class=\"elementor-element elementor-element-5547ceb6 elementor-widget elementor-widget-image\" data-id=\"5547ceb6\" data-element_type=\"widget\" data-settings=\"{&quot;motion_fx_motion_fx_scrolling&quot;:&quot;yes&quot;,&quot;motion_fx_translateY_effect&quot;:&quot;yes&quot;,&quot;motion_fx_translateY_direction&quot;:&quot;negative&quot;,&quot;motion_fx_translateY_speed&quot;:{&quot;unit&quot;:&quot;px&quot;,&quot;size&quot;:&quot;1&quot;,&quot;sizes&quot;:[]},&quot;motion_fx_devices&quot;:[&quot;desktop&quot;,&quot;tablet&quot;],&quot;motion_fx_translateY_affectedRange&quot;:{&quot;unit&quot;:&quot;%&quot;,&quot;size&quot;:&quot;&quot;,&quot;sizes&quot;:{&quot;start&quot;:&quot;0&quot;,&quot;end&quot;:&quot;50&quot;}}}\" data-widget_type=\"image.default\">\n\t\t\t\t<div class=\"elementor-widget-container\">\n\t\t\t<style>\/*! elementor - v3.9.0 - 06-12-2022 *\/\n.elementor-widget-image{text-align:center}.elementor-widget-image a{display:inline-block}.elementor-widget-image a img[src$=\".svg\"]{width:48px}.elementor-widget-image img{vertical-align:middle;display:inline-block}<\/style>\t\t\t\t\t\t\t\t\t\t\t\t<img loading=\"lazy\" decoding=\"async\" width=\"1500\" height=\"1500\" src=\"https:\/\/www.urdaibaibikereserve.com\/wp-content\/uploads\/2023\/03\/UBR.png\" class=\"attachment-full size-full wp-image-1725\" alt=\"\" srcset=\"https:\/\/www.urdaibaibikereserve.com\/wp-content\/uploads\/2023\/03\/UBR.png 1500w, https:\/\/www.urdaibaibikereserve.com\/wp-content\/uploads\/2023\/03\/UBR-300x300.png 300w, https:\/\/www.urdaibaibikereserve.com\/wp-content\/uploads\/2023\/03\/UBR-1024x1024.png 1024w, https:\/\/www.urdaibaibikereserve.com\/wp-content\/uploads\/2023\/03\/UBR-150x150.png 150w, https:\/\/www.urdaibaibikereserve.com\/wp-content\/uploads\/2023\/03\/UBR-768x768.png 768w\" sizes=\"auto, (max-width: 1500px) 100vw, 1500px\" \/>\t\t\t\t\t\t\t\t\t\t\t\t\t\t\t<\/div>\n\t\t\t\t<\/div>\n\t\t\t\t\t<\/div>\n\t\t<\/div>\n\t\t\t\t\t\t\t<\/div>\n\t\t<\/section>\n\t\t\t\t\t\t\t<\/div>\n\t\t","protected":false},"excerpt":{"rendered":"<p>Contact Urdaibai Bike Reserve Contactez-nous Urdaibai Bike Reserve est un projet de Turismo de Urdaibai, lanc\u00e9 par Urremendi, une association de D\u00e9veloppement rural dont l&rsquo;unique objectif est de favoriser le d\u00e9veloppement de la r\u00e9gion de Busturialdea. T\u00e9l\u00e9phone 94 6257609 Adresse Plaza Domingo Alegr\u00eda, 48300 Gernika-Lumo, Bizkaia Mail turismo@urremendi.org Urdaibai Bike Reserve Une destination cycliste extraordinaire [&hellip;]<\/p>\n","protected":false},"author":1,"featured_media":0,"parent":0,"menu_order":0,"comment_status":"closed","ping_status":"closed","template":"","meta":{"om_disable_all_campaigns":false,"_mi_skip_tracking":false,"footnotes":""},"class_list":["post-7054","page","type-page","status-publish","hentry"],"aioseo_notices":[],"_links":{"self":[{"href":"https:\/\/www.urdaibaibikereserve.com\/fr\/wp-json\/wp\/v2\/pages\/7054","targetHints":{"allow":["GET"]}}],"collection":[{"href":"https:\/\/www.urdaibaibikereserve.com\/fr\/wp-json\/wp\/v2\/pages"}],"about":[{"href":"https:\/\/www.urdaibaibikereserve.com\/fr\/wp-json\/wp\/v2\/types\/page"}],"author":[{"embeddable":true,"href":"https:\/\/www.urdaibaibikereserve.com\/fr\/wp-json\/wp\/v2\/users\/1"}],"replies":[{"embeddable":true,"href":"https:\/\/www.urdaibaibikereserve.com\/fr\/wp-json\/wp\/v2\/comments?post=7054"}],"version-history":[{"count":1,"href":"https:\/\/www.urdaibaibikereserve.com\/fr\/wp-json\/wp\/v2\/pages\/7054\/revisions"}],"predecessor-version":[{"id":7055,"href":"https:\/\/www.urdaibaibikereserve.com\/fr\/wp-json\/wp\/v2\/pages\/7054\/revisions\/7055"}],"wp:attachment":[{"href":"https:\/\/www.urdaibaibikereserve.com\/fr\/wp-json\/wp\/v2\/media?parent=7054"}],"curies":[{"name":"wp","href":"https:\/\/api.w.org\/{rel}","templated":true}]}}